{"id":4102,"date":"2025-06-24T16:58:32","date_gmt":"2025-06-24T19:58:32","guid":{"rendered":"https:\/\/crucerosmarpatag.com\/news\/"},"modified":"2025-12-19T07:53:22","modified_gmt":"2025-12-19T10:53:22","slug":"news","status":"publish","type":"page","link":"https:\/\/crucerosmarpatag.com\/en\/news\/","title":{"rendered":"News"},"content":{"rendered":"\t\t<div data-elementor-type=\"wp-page\" data-elementor-id=\"4102\" class=\"elementor elementor-4102 elementor-158\" data-elementor-post-type=\"page\">\n\t\t\t\t<div class=\"elementor-element elementor-element-3786cde8 e-flex e-con-boxed e-con e-parent\" data-id=\"3786cde8\" data-element_type=\"container\" data-e-type=\"container\" data-settings=\"{&quot;background_background&quot;:&quot;classic&quot;}\">\n\t\t\t\t\t<div class=\"e-con-inner\">\n\t\t\t\t<div class=\"elementor-element elementor-element-5a0bf99d elementor-widget elementor-widget-heading\" data-id=\"5a0bf99d\" data-element_type=\"widget\" data-e-type=\"widget\" data-widget_type=\"heading.default\">\n\t\t\t\t<div class=\"elementor-widget-container\">\n\t\t\t\t\t<h2 class=\"elementor-heading-title elementor-size-default\">News<\/h2>\t\t\t\t<\/div>\n\t\t\t\t<\/div>\n\t\t\t\t\t<\/div>\n\t\t\t\t<\/div>\n\t\t<div class=\"elementor-element elementor-element-47fb6ab9 e-flex e-con-boxed e-con e-parent\" data-id=\"47fb6ab9\" data-element_type=\"container\" data-e-type=\"container\">\n\t\t\t\t\t<div class=\"e-con-inner\">\n\t\t<div class=\"elementor-element elementor-element-81df19b e-flex e-con-boxed e-con e-child\" data-id=\"81df19b\" data-element_type=\"container\" data-e-type=\"container\">\n\t\t\t\t\t<div class=\"e-con-inner\">\n\t\t<div class=\"elementor-element elementor-element-41b3c833 e-con-full e-flex e-con e-child\" data-id=\"41b3c833\" data-element_type=\"container\" data-e-type=\"container\">\n\t\t\t\t<div class=\"elementor-element elementor-element-64318990 elementor-widget elementor-widget-jkit_heading\" data-id=\"64318990\" data-element_type=\"widget\" data-e-type=\"widget\" data-widget_type=\"jkit_heading.default\">\n\t\t\t\t<div class=\"elementor-widget-container\">\n\t\t\t\t\t<div  class=\"jeg-elementor-kit jkit-heading  align-left align-tablet-center align-mobile- jeg_module___69f0e30e6b3d7\" ><div class=\"heading-section-title  display-inline-block\"><h2 class=\"heading-title\">Read our latest news and <span class=\"style-color\"><span> Updates<\/span><\/span><\/h2><\/div><\/div>\t\t\t\t<\/div>\n\t\t\t\t<\/div>\n\t\t\t\t<div class=\"elementor-element elementor-element-5b475f07 elementor-widget elementor-widget-text-editor\" data-id=\"5b475f07\" data-element_type=\"widget\" data-e-type=\"widget\" data-widget_type=\"text-editor.default\">\n\t\t\t\t<div class=\"elementor-widget-container\">\n\t\t\t\t\t\t\t\t\t<p>Below, you will find news with detailed information about our navigation experiences and Patagonian destinations.<\/p>\t\t\t\t\t\t\t\t<\/div>\n\t\t\t\t<\/div>\n\t\t\t\t<\/div>\n\t\t<div class=\"elementor-element elementor-element-318c6c33 e-con-full elementor-hidden-tablet elementor-hidden-mobile e-flex e-con e-child\" data-id=\"318c6c33\" data-element_type=\"container\" data-e-type=\"container\">\n\t\t\t\t<\/div>\n\t\t\t\t\t<\/div>\n\t\t\t\t<\/div>\n\t\t<div class=\"elementor-element elementor-element-1b3f62f7 e-flex e-con-boxed e-con e-child\" data-id=\"1b3f62f7\" data-element_type=\"container\" data-e-type=\"container\">\n\t\t\t\t\t<div class=\"e-con-inner\">\n\t\t\t\t<div class=\"elementor-element elementor-element-1d79c110 elementor-widget elementor-widget-jkit_post_block\" data-id=\"1d79c110\" data-element_type=\"widget\" data-e-type=\"widget\" data-widget_type=\"jkit_post_block.default\">\n\t\t\t\t<div class=\"elementor-widget-container\">\n\t\t\t\t\t<div  class=\"jeg-elementor-kit jkit-postblock postblock-type-1 jkit-pagination-loadmore post-element jeg_module__1_69f0e30e706f4\"  data-id=\"jeg_module__1_69f0e30e706f4\" data-settings=\"{&quot;post_type&quot;:&quot;post&quot;,&quot;number_post&quot;:{&quot;unit&quot;:&quot;px&quot;,&quot;size&quot;:&quot;4&quot;,&quot;sizes&quot;:[]},&quot;post_offset&quot;:0,&quot;unique_content&quot;:&quot;disable&quot;,&quot;include_post&quot;:&quot;&quot;,&quot;exclude_post&quot;:&quot;&quot;,&quot;include_category&quot;:&quot;&quot;,&quot;exclude_category&quot;:&quot;&quot;,&quot;include_author&quot;:&quot;&quot;,&quot;include_tag&quot;:&quot;&quot;,&quot;exclude_tag&quot;:&quot;&quot;,&quot;sort_by&quot;:&quot;latest&quot;,&quot;pagination_mode&quot;:&quot;loadmore&quot;,&quot;pagination_loadmore_text&quot;:&quot;Load More&quot;,&quot;pagination_loading_text&quot;:&quot;Loading...&quot;,&quot;pagination_number_post&quot;:{&quot;unit&quot;:&quot;px&quot;,&quot;size&quot;:3,&quot;sizes&quot;:[]},&quot;pagination_scroll_limit&quot;:0,&quot;pagination_icon&quot;:{&quot;value&quot;:&quot;jki jki-right-arrow2-light&quot;,&quot;library&quot;:&quot;jkiticon&quot;},&quot;pagination_icon_position&quot;:&quot;after&quot;,&quot;st_category_position&quot;:&quot;center&quot;,&quot;sg_content_postblock_type&quot;:&quot;type-1&quot;,&quot;sg_content_element_order&quot;:&quot;title,meta,excerpt,read&quot;,&quot;sg_content_breakpoint&quot;:&quot;tablet&quot;,&quot;sg_content_title_html_tag&quot;:&quot;h3&quot;,&quot;sg_content_category_enable&quot;:&quot;yes&quot;,&quot;sg_content_excerpt_enable&quot;:&quot;&quot;,&quot;sg_content_excerpt_length&quot;:{&quot;unit&quot;:&quot;px&quot;,&quot;size&quot;:&quot;7&quot;,&quot;sizes&quot;:[]},&quot;sg_content_excerpt_more&quot;:&quot;...&quot;,&quot;sg_content_readmore_enable&quot;:&quot;yes&quot;,&quot;sg_content_readmore_icon&quot;:{&quot;value&quot;:&quot;jki jki-right-arrow2-light&quot;,&quot;library&quot;:&quot;jkiticon&quot;},&quot;sg_content_readmore_icon_position&quot;:&quot;after&quot;,&quot;sg_content_readmore_text&quot;:&quot;Leer m\\u00e1s&quot;,&quot;sg_content_comment_enable&quot;:&quot;&quot;,&quot;sg_content_comment_icon&quot;:{&quot;value&quot;:&quot;fas fa-comment&quot;,&quot;library&quot;:&quot;fa-solid&quot;},&quot;sg_content_comment_icon_position&quot;:&quot;before&quot;,&quot;sg_content_meta_enable&quot;:&quot;&quot;,&quot;sg_content_meta_author_enable&quot;:&quot;&quot;,&quot;sg_content_meta_author_by_text&quot;:&quot;by&quot;,&quot;sg_content_meta_author_icon&quot;:{&quot;value&quot;:&quot;fas fa-user&quot;,&quot;library&quot;:&quot;fa-solid&quot;},&quot;sg_content_meta_author_icon_position&quot;:&quot;before&quot;,&quot;sg_content_meta_date_enable&quot;:&quot;yes&quot;,&quot;sg_content_meta_date_type&quot;:&quot;published&quot;,&quot;sg_content_meta_date_format&quot;:&quot;default&quot;,&quot;sg_content_meta_date_format_custom&quot;:&quot;F j, Y&quot;,&quot;sg_content_meta_date_icon&quot;:{&quot;value&quot;:&quot;fas fa-clock&quot;,&quot;library&quot;:&quot;fa-solid&quot;},&quot;sg_content_meta_date_icon_position&quot;:&quot;before&quot;,&quot;sg_content_image_size_imagesize_size&quot;:&quot;full&quot;,&quot;lang&quot;:&quot;en&quot;,&quot;paged&quot;:1,&quot;class&quot;:&quot;jkit_post_block&quot;}\"><div class=\"jkit-block-container\"><div class=\"jkit-posts jkit-ajax-flag\">\n            <article class=\"jkit-post post-4457 post type-post status-publish format-standard has-post-thumbnail hentry category-cruises category-design\">\n                    <div class=\"jkit-thumb\"><a aria-label=\"New Video! This is how we experienced the magic of glaciers\" href=\"https:\/\/crucerosmarpatag.com\/en\/new-video-this-is-how-we-experienced-the-magic-of-glaciers\/\"><div class=\"thumbnail-container \">\n            <img loading=\"lazy\" decoding=\"async\" width=\"2000\" height=\"1339\" src=\"https:\/\/crucerosmarpatag.com\/wp-content\/uploads\/2025\/10\/Ma_Turquesa_DSC_0021.jpg\" class=\"attachment-full size-full wp-post-image\" alt=\"\" loading=\"lazy\" srcset=\"https:\/\/crucerosmarpatag.com\/wp-content\/uploads\/2025\/10\/Ma_Turquesa_DSC_0021.jpg 2000w, https:\/\/crucerosmarpatag.com\/wp-content\/uploads\/2025\/10\/Ma_Turquesa_DSC_0021-300x201.jpg 300w, https:\/\/crucerosmarpatag.com\/wp-content\/uploads\/2025\/10\/Ma_Turquesa_DSC_0021-1024x686.jpg 1024w, https:\/\/crucerosmarpatag.com\/wp-content\/uploads\/2025\/10\/Ma_Turquesa_DSC_0021-768x514.jpg 768w, https:\/\/crucerosmarpatag.com\/wp-content\/uploads\/2025\/10\/Ma_Turquesa_DSC_0021-1536x1028.jpg 1536w\" sizes=\"auto, (max-width: 2000px) 100vw, 2000px\" \/>\n        <\/div><\/a><\/div>\n                    <div class=\"jkit-postblock-content\"><div class=\"jkit-post-category \"><span><a href=\"https:\/\/crucerosmarpatag.com\/en\/category\/cruises\/\" class=\"category-cruises\">Cruises<\/a><\/span><\/div><h3 class=\"jkit-post-title\">\n\t\t\t\t\t\t\t<a href=\"https:\/\/crucerosmarpatag.com\/en\/new-video-this-is-how-we-experienced-the-magic-of-glaciers\/\">New Video! This is how we experienced the magic of glaciers<\/a>\n\t\t\t\t\t\t<\/h3><div class=\"jkit-post-meta-bottom\">\n\t\t\t\t\t\t\t<div class=\"jkit-meta-readmore icon-position-after\">\n                <a title=\"New Video! This is how we experienced the magic of glaciers\" href=\"https:\/\/crucerosmarpatag.com\/en\/new-video-this-is-how-we-experienced-the-magic-of-glaciers\/\" class=\"jkit-readmore\">Leer m\u00e1s<i aria-hidden=\"true\" class=\"jki jki-right-arrow2-light\"><\/i><\/a>\n            <\/div>\n\t\t\t\t\t\t<\/div><\/div>\n                <\/article><article class=\"jkit-post post-4288 post type-post status-publish format-standard has-post-thumbnail hentry category-events\">\n                    <div class=\"jkit-thumb\"><a aria-label=\"2025 Legislative Elections: Change in Departure Time\" href=\"https:\/\/crucerosmarpatag.com\/en\/2025-legislative-elections-change-in-departure-time\/\"><div class=\"thumbnail-container \">\n            <img loading=\"lazy\" decoding=\"async\" width=\"1000\" height=\"668\" src=\"https:\/\/crucerosmarpatag.com\/wp-content\/uploads\/2025\/10\/shutterstock_764908303.jpg\" class=\"attachment-full size-full wp-post-image\" alt=\"\" loading=\"lazy\" srcset=\"https:\/\/crucerosmarpatag.com\/wp-content\/uploads\/2025\/10\/shutterstock_764908303.jpg 1000w, https:\/\/crucerosmarpatag.com\/wp-content\/uploads\/2025\/10\/shutterstock_764908303-300x200.jpg 300w, https:\/\/crucerosmarpatag.com\/wp-content\/uploads\/2025\/10\/shutterstock_764908303-768x513.jpg 768w\" sizes=\"auto, (max-width: 1000px) 100vw, 1000px\" \/>\n        <\/div><\/a><\/div>\n                    <div class=\"jkit-postblock-content\"><div class=\"jkit-post-category \"><span><a href=\"https:\/\/crucerosmarpatag.com\/en\/category\/events\/\" class=\"category-events\">Events<\/a><\/span><\/div><h3 class=\"jkit-post-title\">\n\t\t\t\t\t\t\t<a href=\"https:\/\/crucerosmarpatag.com\/en\/2025-legislative-elections-change-in-departure-time\/\">2025 Legislative Elections: Change in Departure Time<\/a>\n\t\t\t\t\t\t<\/h3><div class=\"jkit-post-meta-bottom\">\n\t\t\t\t\t\t\t<div class=\"jkit-meta-readmore icon-position-after\">\n                <a title=\"2025 Legislative Elections: Change in Departure Time\" href=\"https:\/\/crucerosmarpatag.com\/en\/2025-legislative-elections-change-in-departure-time\/\" class=\"jkit-readmore\">Leer m\u00e1s<i aria-hidden=\"true\" class=\"jki jki-right-arrow2-light\"><\/i><\/a>\n            <\/div>\n\t\t\t\t\t\t<\/div><\/div>\n                <\/article><article class=\"jkit-post post-4264 post type-post status-publish format-standard has-post-thumbnail hentry category-design\">\n                    <div class=\"jkit-thumb\"><a aria-label=\"New Web Design\" href=\"https:\/\/crucerosmarpatag.com\/en\/new-web-design\/\"><div class=\"thumbnail-container \">\n            <img loading=\"lazy\" decoding=\"async\" width=\"1885\" height=\"834\" src=\"https:\/\/crucerosmarpatag.com\/wp-content\/uploads\/2025\/10\/Captura-desde-2025-10-09-11-31-46.png\" class=\"attachment-full size-full wp-post-image\" alt=\"\" loading=\"lazy\" srcset=\"https:\/\/crucerosmarpatag.com\/wp-content\/uploads\/2025\/10\/Captura-desde-2025-10-09-11-31-46.png 1885w, https:\/\/crucerosmarpatag.com\/wp-content\/uploads\/2025\/10\/Captura-desde-2025-10-09-11-31-46-300x133.png 300w, https:\/\/crucerosmarpatag.com\/wp-content\/uploads\/2025\/10\/Captura-desde-2025-10-09-11-31-46-1024x453.png 1024w, https:\/\/crucerosmarpatag.com\/wp-content\/uploads\/2025\/10\/Captura-desde-2025-10-09-11-31-46-768x340.png 768w, https:\/\/crucerosmarpatag.com\/wp-content\/uploads\/2025\/10\/Captura-desde-2025-10-09-11-31-46-1536x680.png 1536w\" sizes=\"auto, (max-width: 1885px) 100vw, 1885px\" \/>\n        <\/div><\/a><\/div>\n                    <div class=\"jkit-postblock-content\"><div class=\"jkit-post-category \"><span><a href=\"https:\/\/crucerosmarpatag.com\/en\/category\/design\/\" class=\"category-design\">Design<\/a><\/span><\/div><h3 class=\"jkit-post-title\">\n\t\t\t\t\t\t\t<a href=\"https:\/\/crucerosmarpatag.com\/en\/new-web-design\/\">New Web Design<\/a>\n\t\t\t\t\t\t<\/h3><div class=\"jkit-post-meta-bottom\">\n\t\t\t\t\t\t\t<div class=\"jkit-meta-readmore icon-position-after\">\n                <a title=\"New Web Design\" href=\"https:\/\/crucerosmarpatag.com\/en\/new-web-design\/\" class=\"jkit-readmore\">Leer m\u00e1s<i aria-hidden=\"true\" class=\"jki jki-right-arrow2-light\"><\/i><\/a>\n            <\/div>\n\t\t\t\t\t\t<\/div><\/div>\n                <\/article><article class=\"jkit-post post-4259 post type-post status-publish format-standard has-post-thumbnail hentry category-events\">\n                    <div class=\"jkit-thumb\"><a aria-label=\"International Tourism Fair 2025\" href=\"https:\/\/crucerosmarpatag.com\/en\/international-tourism-fair-2025\/\"><div class=\"thumbnail-container \">\n            <img loading=\"lazy\" decoding=\"async\" width=\"526\" height=\"526\" src=\"https:\/\/crucerosmarpatag.com\/wp-content\/uploads\/2025\/09\/FIT.jpg\" class=\"attachment-full size-full wp-post-image\" alt=\"\" loading=\"lazy\" srcset=\"https:\/\/crucerosmarpatag.com\/wp-content\/uploads\/2025\/09\/FIT.jpg 526w, https:\/\/crucerosmarpatag.com\/wp-content\/uploads\/2025\/09\/FIT-300x300.jpg 300w, https:\/\/crucerosmarpatag.com\/wp-content\/uploads\/2025\/09\/FIT-150x150.jpg 150w\" sizes=\"auto, (max-width: 526px) 100vw, 526px\" \/>\n        <\/div><\/a><\/div>\n                    <div class=\"jkit-postblock-content\"><div class=\"jkit-post-category \"><span><a href=\"https:\/\/crucerosmarpatag.com\/en\/category\/events\/\" class=\"category-events\">Events<\/a><\/span><\/div><h3 class=\"jkit-post-title\">\n\t\t\t\t\t\t\t<a href=\"https:\/\/crucerosmarpatag.com\/en\/international-tourism-fair-2025\/\">International Tourism Fair 2025<\/a>\n\t\t\t\t\t\t<\/h3><div class=\"jkit-post-meta-bottom\">\n\t\t\t\t\t\t\t<div class=\"jkit-meta-readmore icon-position-after\">\n                <a title=\"International Tourism Fair 2025\" href=\"https:\/\/crucerosmarpatag.com\/en\/international-tourism-fair-2025\/\" class=\"jkit-readmore\">Leer m\u00e1s<i aria-hidden=\"true\" class=\"jki jki-right-arrow2-light\"><\/i><\/a>\n            <\/div>\n\t\t\t\t\t\t<\/div><\/div>\n                <\/article>\n        <\/div><\/div><\/div>\t\t\t\t<\/div>\n\t\t\t\t<\/div>\n\t\t\t\t\t<\/div>\n\t\t\t\t<\/div>\n\t\t\t\t\t<\/div>\n\t\t\t\t<\/div>\n\t\t\t\t<\/div>\n\t\t","protected":false},"excerpt":{"rendered":"<p>News Read our latest news and Updates Below, you will find news with detailed information about our navigation experiences and Patagonian destinations. editar publicaci\u00f3n Cruises New Video! This is how we experienced the magic of glaciers Leer m\u00e1s editar publicaci\u00f3n Events 2025 Legislative Elections: Change in Departure Time Leer m\u00e1s editar publicaci\u00f3n Design New Web [&hellip;]<\/p>\n","protected":false},"author":1,"featured_media":0,"parent":0,"menu_order":0,"comment_status":"closed","ping_status":"closed","template":"elementor_header_footer","meta":{"footnotes":""},"class_list":["post-4102","page","type-page","status-publish","hentry"],"_links":{"self":[{"href":"https:\/\/crucerosmarpatag.com\/en\/wp-json\/wp\/v2\/pages\/4102","targetHints":{"allow":["GET"]}}],"collection":[{"href":"https:\/\/crucerosmarpatag.com\/en\/wp-json\/wp\/v2\/pages"}],"about":[{"href":"https:\/\/crucerosmarpatag.com\/en\/wp-json\/wp\/v2\/types\/page"}],"author":[{"embeddable":true,"href":"https:\/\/crucerosmarpatag.com\/en\/wp-json\/wp\/v2\/users\/1"}],"replies":[{"embeddable":true,"href":"https:\/\/crucerosmarpatag.com\/en\/wp-json\/wp\/v2\/comments?post=4102"}],"version-history":[{"count":6,"href":"https:\/\/crucerosmarpatag.com\/en\/wp-json\/wp\/v2\/pages\/4102\/revisions"}],"predecessor-version":[{"id":4733,"href":"https:\/\/crucerosmarpatag.com\/en\/wp-json\/wp\/v2\/pages\/4102\/revisions\/4733"}],"wp:attachment":[{"href":"https:\/\/crucerosmarpatag.com\/en\/wp-json\/wp\/v2\/media?parent=4102"}],"curies":[{"name":"wp","href":"https:\/\/api.w.org\/{rel}","templated":true}]}}